{"id":341,"date":"2026-01-21T14:49:21","date_gmt":"2026-01-21T13:49:21","guid":{"rendered":"https:\/\/landhotel-post.at\/geschenk-gutschein\/"},"modified":"2026-01-21T14:55:50","modified_gmt":"2026-01-21T13:55:50","slug":"ajandekutalvany","status":"publish","type":"page","link":"https:\/\/landhotel-post.at\/hu\/ajandekutalvany\/","title":{"rendered":"Aj\u00e1nd\u00e9kutalv\u00e1ny"},"content":{"rendered":"","protected":false},"excerpt":{"rendered":"","protected":false},"author":1,"featured_media":0,"parent":0,"menu_order":0,"comment_status":"closed","ping_status":"closed","template":"","meta":{"footnotes":""},"class_list":["post-341","page","type-page","status-publish","hentry"],"yoast_head":"<!-- This site is optimized with the Yoast SEO plugin v27.4 - https:\/\/yoast.com\/product\/yoast-seo-wordpress\/ -->\n<title>Aj\u00e1nd\u00e9kutalv\u00e1ny - Landhotel Post<\/title>\n<meta name=\"robots\" content=\"index, follow, max-snippet:-1, max-image-preview:large, max-video-preview:-1\" \/>\n<link rel=\"canonical\" href=\"https:\/\/landhotel-post.at\/hu\/ajandekutalvany\/\" \/>\n<meta property=\"og:locale\" content=\"hu_HU\" \/>\n<meta property=\"og:type\" content=\"article\" \/>\n<meta property=\"og:title\" content=\"Aj\u00e1nd\u00e9kutalv\u00e1ny - Landhotel Post\" \/>\n<meta property=\"og:url\" content=\"https:\/\/landhotel-post.at\/hu\/ajandekutalvany\/\" \/>\n<meta property=\"og:site_name\" content=\"Landhotel Post\" \/>\n<meta property=\"article:modified_time\" content=\"2026-01-21T13:55:50+00:00\" \/>\n<meta name=\"twitter:card\" content=\"summary_large_image\" \/>\n<script type=\"application\/ld+json\" class=\"yoast-schema-graph\">{\"@context\":\"https:\\\/\\\/schema.org\",\"@graph\":[{\"@type\":\"WebPage\",\"@id\":\"https:\\\/\\\/landhotel-post.at\\\/hu\\\/ajandekutalvany\\\/\",\"url\":\"https:\\\/\\\/landhotel-post.at\\\/hu\\\/ajandekutalvany\\\/\",\"name\":\"Aj\u00e1nd\u00e9kutalv\u00e1ny - Landhotel Post\",\"isPartOf\":{\"@id\":\"https:\\\/\\\/landhotel-post.at\\\/#website\"},\"datePublished\":\"2026-01-21T13:49:21+00:00\",\"dateModified\":\"2026-01-21T13:55:50+00:00\",\"breadcrumb\":{\"@id\":\"https:\\\/\\\/landhotel-post.at\\\/hu\\\/ajandekutalvany\\\/#breadcrumb\"},\"inLanguage\":\"hu\",\"potentialAction\":[{\"@type\":\"ReadAction\",\"target\":[\"https:\\\/\\\/landhotel-post.at\\\/hu\\\/ajandekutalvany\\\/\"]}]},{\"@type\":\"BreadcrumbList\",\"@id\":\"https:\\\/\\\/landhotel-post.at\\\/hu\\\/ajandekutalvany\\\/#breadcrumb\",\"itemListElement\":[{\"@type\":\"ListItem\",\"position\":1,\"name\":\"Start\",\"item\":\"https:\\\/\\\/landhotel-post.at\\\/\"},{\"@type\":\"ListItem\",\"position\":2,\"name\":\"Aj\u00e1nd\u00e9kutalv\u00e1ny\"}]},{\"@type\":\"WebSite\",\"@id\":\"https:\\\/\\\/landhotel-post.at\\\/#website\",\"url\":\"https:\\\/\\\/landhotel-post.at\\\/\",\"name\":\"Landhotel Post\",\"description\":\"\",\"publisher\":{\"@id\":\"https:\\\/\\\/landhotel-post.at\\\/#organization\"},\"potentialAction\":[{\"@type\":\"SearchAction\",\"target\":{\"@type\":\"EntryPoint\",\"urlTemplate\":\"https:\\\/\\\/landhotel-post.at\\\/?s={search_term_string}\"},\"query-input\":{\"@type\":\"PropertyValueSpecification\",\"valueRequired\":true,\"valueName\":\"search_term_string\"}}],\"inLanguage\":\"hu\"},{\"@type\":\"Organization\",\"@id\":\"https:\\\/\\\/landhotel-post.at\\\/#organization\",\"name\":\"Landhotel Post\",\"url\":\"https:\\\/\\\/landhotel-post.at\\\/\",\"logo\":{\"@type\":\"ImageObject\",\"inLanguage\":\"hu\",\"@id\":\"https:\\\/\\\/landhotel-post.at\\\/#\\\/schema\\\/logo\\\/image\\\/\",\"url\":\"https:\\\/\\\/landhotel-post.at\\\/wp-content\\\/uploads\\\/2026\\\/03\\\/cropped-logoneu-scaled-1.png\",\"contentUrl\":\"https:\\\/\\\/landhotel-post.at\\\/wp-content\\\/uploads\\\/2026\\\/03\\\/cropped-logoneu-scaled-1.png\",\"width\":2559,\"height\":1123,\"caption\":\"Landhotel Post\"},\"image\":{\"@id\":\"https:\\\/\\\/landhotel-post.at\\\/#\\\/schema\\\/logo\\\/image\\\/\"}}]}<\/script>\n<!-- \/ Yoast SEO plugin. -->","yoast_head_json":{"title":"Aj\u00e1nd\u00e9kutalv\u00e1ny - Landhotel Post","robots":{"index":"index","follow":"follow","max-snippet":"max-snippet:-1","max-image-preview":"max-image-preview:large","max-video-preview":"max-video-preview:-1"},"canonical":"https:\/\/landhotel-post.at\/hu\/ajandekutalvany\/","og_locale":"hu_HU","og_type":"article","og_title":"Aj\u00e1nd\u00e9kutalv\u00e1ny - Landhotel Post","og_url":"https:\/\/landhotel-post.at\/hu\/ajandekutalvany\/","og_site_name":"Landhotel Post","article_modified_time":"2026-01-21T13:55:50+00:00","twitter_card":"summary_large_image","schema":{"@context":"https:\/\/schema.org","@graph":[{"@type":"WebPage","@id":"https:\/\/landhotel-post.at\/hu\/ajandekutalvany\/","url":"https:\/\/landhotel-post.at\/hu\/ajandekutalvany\/","name":"Aj\u00e1nd\u00e9kutalv\u00e1ny - Landhotel Post","isPartOf":{"@id":"https:\/\/landhotel-post.at\/#website"},"datePublished":"2026-01-21T13:49:21+00:00","dateModified":"2026-01-21T13:55:50+00:00","breadcrumb":{"@id":"https:\/\/landhotel-post.at\/hu\/ajandekutalvany\/#breadcrumb"},"inLanguage":"hu","potentialAction":[{"@type":"ReadAction","target":["https:\/\/landhotel-post.at\/hu\/ajandekutalvany\/"]}]},{"@type":"BreadcrumbList","@id":"https:\/\/landhotel-post.at\/hu\/ajandekutalvany\/#breadcrumb","itemListElement":[{"@type":"ListItem","position":1,"name":"Start","item":"https:\/\/landhotel-post.at\/"},{"@type":"ListItem","position":2,"name":"Aj\u00e1nd\u00e9kutalv\u00e1ny"}]},{"@type":"WebSite","@id":"https:\/\/landhotel-post.at\/#website","url":"https:\/\/landhotel-post.at\/","name":"Landhotel Post","description":"","publisher":{"@id":"https:\/\/landhotel-post.at\/#organization"},"potentialAction":[{"@type":"SearchAction","target":{"@type":"EntryPoint","urlTemplate":"https:\/\/landhotel-post.at\/?s={search_term_string}"},"query-input":{"@type":"PropertyValueSpecification","valueRequired":true,"valueName":"search_term_string"}}],"inLanguage":"hu"},{"@type":"Organization","@id":"https:\/\/landhotel-post.at\/#organization","name":"Landhotel Post","url":"https:\/\/landhotel-post.at\/","logo":{"@type":"ImageObject","inLanguage":"hu","@id":"https:\/\/landhotel-post.at\/#\/schema\/logo\/image\/","url":"https:\/\/landhotel-post.at\/wp-content\/uploads\/2026\/03\/cropped-logoneu-scaled-1.png","contentUrl":"https:\/\/landhotel-post.at\/wp-content\/uploads\/2026\/03\/cropped-logoneu-scaled-1.png","width":2559,"height":1123,"caption":"Landhotel Post"},"image":{"@id":"https:\/\/landhotel-post.at\/#\/schema\/logo\/image\/"}}]}},"_links":{"self":[{"href":"https:\/\/landhotel-post.at\/hu\/wp-json\/wp\/v2\/pages\/341","targetHints":{"allow":["GET"]}}],"collection":[{"href":"https:\/\/landhotel-post.at\/hu\/wp-json\/wp\/v2\/pages"}],"about":[{"href":"https:\/\/landhotel-post.at\/hu\/wp-json\/wp\/v2\/types\/page"}],"author":[{"embeddable":true,"href":"https:\/\/landhotel-post.at\/hu\/wp-json\/wp\/v2\/users\/1"}],"replies":[{"embeddable":true,"href":"https:\/\/landhotel-post.at\/hu\/wp-json\/wp\/v2\/comments?post=341"}],"version-history":[{"count":2,"href":"https:\/\/landhotel-post.at\/hu\/wp-json\/wp\/v2\/pages\/341\/revisions"}],"predecessor-version":[{"id":344,"href":"https:\/\/landhotel-post.at\/hu\/wp-json\/wp\/v2\/pages\/341\/revisions\/344"}],"wp:attachment":[{"href":"https:\/\/landhotel-post.at\/hu\/wp-json\/wp\/v2\/media?parent=341"}],"curies":[{"name":"wp","href":"https:\/\/api.w.org\/{rel}","templated":true}]}}